{"id":545,"date":"2023-10-26T18:51:58","date_gmt":"2023-10-26T16:51:58","guid":{"rendered":"https:\/\/hurleprods.com\/contact\/"},"modified":"2024-07-11T13:48:00","modified_gmt":"2024-07-11T11:48:00","slug":"contact","status":"publish","type":"page","link":"https:\/\/hurleprods.com\/en\/contact\/","title":{"rendered":"CONTACT"},"content":{"rendered":"\t\t<div data-elementor-type=\"wp-page\" data-elementor-id=\"545\" class=\"elementor elementor-545 elementor-190\" data-elementor-post-type=\"page\">\n\t\t\t\t<div class=\"elementor-element elementor-element-fadc888 e-flex e-con-boxed e-con e-parent\" data-id=\"fadc888\" data-element_type=\"container\" data-e-type=\"container\">\n\t\t\t\t\t<div class=\"e-con-inner\">\n\t\t\t\t<div class=\"elementor-element elementor-element-2a41b93 elementor-widget elementor-widget-heading\" data-id=\"2a41b93\" data-element_type=\"widget\" data-e-type=\"widget\" data-widget_type=\"heading.default\">\n\t\t\t\t<div class=\"elementor-widget-container\">\n\t\t\t\t\t<h1 class=\"elementor-heading-title elementor-size-default\">CONTACT<\/h1>\t\t\t\t<\/div>\n\t\t\t\t<\/div>\n\t\t\t\t<div class=\"elementor-element elementor-element-03d456c elementor-widget elementor-widget-text-editor\" data-id=\"03d456c\" data-element_type=\"widget\" data-e-type=\"widget\" data-widget_type=\"text-editor.default\">\n\t\t\t\t<div class=\"elementor-widget-container\">\n\t\t\t\t\t\t\t\t\t<p>hurleprods@gmail.com<br>+34 620.56.41.87<\/p>\n<p>VIGO<\/p>\t\t\t\t\t\t\t\t<\/div>\n\t\t\t\t<\/div>\n\t\t\t\t<div class=\"elementor-element elementor-element-2c91da7 elementor-button-align-start elementor-widget elementor-widget-form\" data-id=\"2c91da7\" data-element_type=\"widget\" data-e-type=\"widget\" data-settings=\"{&quot;step_next_label&quot;:&quot;Next&quot;,&quot;step_previous_label&quot;:&quot;Previous&quot;,&quot;button_width&quot;:&quot;100&quot;,&quot;step_type&quot;:&quot;number_text&quot;,&quot;step_icon_shape&quot;:&quot;circle&quot;}\" data-widget_type=\"form.default\">\n\t\t\t\t<div class=\"elementor-widget-container\">\n\t\t\t\t\t\t\t<form class=\"elementor-form\" method=\"post\" name=\"Contact\" aria-label=\"Contact\">\n\t\t\t<input type=\"hidden\" name=\"post_id\" value=\"545\"\/>\n\t\t\t<input type=\"hidden\" name=\"form_id\" value=\"2c91da7\"\/>\n\t\t\t<input type=\"hidden\" name=\"referer_title\" value=\"CONTACT - Hurl\u00e9 prods.\" \/>\n\n\t\t\t\t\t\t\t<input type=\"hidden\" name=\"queried_id\" value=\"545\"\/>\n\t\t\t\n\t\t\t<div class=\"elementor-form-fields-wrapper elementor-labels-\">\n\t\t\t\t\t\t\t\t<div class=\"elementor-field-type-text elementor-field-group elementor-column elementor-field-group-name elementor-col-100 elementor-field-required\">\n\t\t\t\t\t\t\t\t\t\t\t\t<label for=\"form-field-name\" class=\"elementor-field-label elementor-screen-only\">\n\t\t\t\t\t\t\t\tName\t\t\t\t\t\t\t<\/label>\n\t\t\t\t\t\t\t\t\t\t\t\t\t\t<input size=\"1\" type=\"text\" name=\"form_fields[name]\" id=\"form-field-name\" class=\"elementor-field elementor-size-md  elementor-field-textual\" placeholder=\"Name *\" required=\"required\">\n\t\t\t\t\t\t\t\t\t\t\t<\/div>\n\t\t\t\t\t\t\t\t<div class=\"elementor-field-type-email elementor-field-group elementor-column elementor-field-group-email elementor-col-100 elementor-field-required\">\n\t\t\t\t\t\t\t\t\t\t\t\t<label for=\"form-field-email\" class=\"elementor-field-label elementor-screen-only\">\n\t\t\t\t\t\t\t\tE-mail address\t\t\t\t\t\t\t<\/label>\n\t\t\t\t\t\t\t\t\t\t\t\t\t\t<input size=\"1\" type=\"email\" name=\"form_fields[email]\" id=\"form-field-email\" class=\"elementor-field elementor-size-md  elementor-field-textual\" placeholder=\"E-mail address *\" required=\"required\">\n\t\t\t\t\t\t\t\t\t\t\t<\/div>\n\t\t\t\t\t\t\t\t<div class=\"elementor-field-type-textarea elementor-field-group elementor-column elementor-field-group-message elementor-col-100\">\n\t\t\t\t\t\t\t\t\t\t\t\t<label for=\"form-field-message\" class=\"elementor-field-label elementor-screen-only\">\n\t\t\t\t\t\t\t\tMessage\t\t\t\t\t\t\t<\/label>\n\t\t\t\t\t\t<textarea class=\"elementor-field-textual elementor-field  elementor-size-md\" name=\"form_fields[message]\" id=\"form-field-message\" rows=\"4\" placeholder=\"Message\"><\/textarea>\t\t\t\t<\/div>\n\t\t\t\t\t\t\t\t<div class=\"elementor-field-type-acceptance elementor-field-group elementor-column elementor-field-group-field_3300e3b elementor-col-100\">\n\t\t\t\t\t\t\t<div class=\"elementor-field-subgroup\">\n\t\t\t<span class=\"elementor-field-option\">\n\t\t\t\t<input type=\"checkbox\" name=\"form_fields[field_3300e3b]\" id=\"form-field-field_3300e3b\" class=\"elementor-field elementor-size-md  elementor-acceptance-field\">\n\t\t\t\t<label for=\"form-field-field_3300e3b\">I have read and accept the <a href=\"https:\/\/hurleprods.com\/politica-de-privacidad\/\"><u>Privacy Policy<\/u><\/a><\/label>\t\t\t<\/span>\n\t\t<\/div>\n\t\t\t\t\t\t<\/div>\n\t\t\t\t\t\t\t\t<div class=\"elementor-field-group elementor-column elementor-field-type-submit elementor-col-100 e-form__buttons\">\n\t\t\t\t\t<button class=\"elementor-button elementor-size-sm\" type=\"submit\">\n\t\t\t\t\t\t<span class=\"elementor-button-content-wrapper\">\n\t\t\t\t\t\t\t\t\t\t\t\t\t\t\t\t\t\t\t\t\t\t<span class=\"elementor-button-text\">Send<\/span>\n\t\t\t\t\t\t\t\t\t\t\t\t\t<\/span>\n\t\t\t\t\t<\/button>\n\t\t\t\t<\/div>\n\t\t\t<\/div>\n\t\t<\/form>\n\t\t\t\t\t\t<\/div>\n\t\t\t\t<\/div>\n\t\t\t\t\t<\/div>\n\t\t\t\t<\/div>\n\t\t\t\t<\/div>\n\t\t","protected":false},"excerpt":{"rendered":"<p>CONTACT hurleprods@gmail.com+34 620.56.41.87 VIGO<\/p>\n","protected":false},"author":1,"featured_media":0,"parent":0,"menu_order":0,"comment_status":"closed","ping_status":"closed","template":"","meta":{"_acf_changed":false,"footnotes":""},"class_list":["post-545","page","type-page","status-publish","hentry"],"acf":[],"yoast_head":"<!-- This site is optimized with the Yoast SEO plugin v27.2 - https:\/\/yoast.com\/product\/yoast-seo-wordpress\/ -->\n<title>CONTACT - Hurl\u00e9 prods.<\/title>\n<meta name=\"robots\" content=\"index, follow, max-snippet:-1, max-image-preview:large, max-video-preview:-1\" \/>\n<link rel=\"canonical\" href=\"https:\/\/hurleprods.com\/en\/contact\/\" \/>\n<meta property=\"og:locale\" content=\"en_US\" \/>\n<meta property=\"og:type\" content=\"article\" \/>\n<meta property=\"og:title\" content=\"CONTACT - Hurl\u00e9 prods.\" \/>\n<meta property=\"og:description\" content=\"CONTACT hurleprods@gmail.com+34 620.56.41.87 VIGO\" \/>\n<meta property=\"og:url\" content=\"https:\/\/hurleprods.com\/en\/contact\/\" \/>\n<meta property=\"og:site_name\" content=\"Hurl\u00e9 prods.\" \/>\n<meta property=\"article:modified_time\" content=\"2024-07-11T11:48:00+00:00\" \/>\n<meta name=\"twitter:card\" content=\"summary_large_image\" \/>\n<script type=\"application\/ld+json\" class=\"yoast-schema-graph\">{\"@context\":\"https:\/\/schema.org\",\"@graph\":[{\"@type\":\"WebPage\",\"@id\":\"https:\/\/hurleprods.com\/en\/contact\/\",\"url\":\"https:\/\/hurleprods.com\/en\/contact\/\",\"name\":\"CONTACT - Hurl\u00e9 prods.\",\"isPartOf\":{\"@id\":\"https:\/\/hurleprods.com\/#website\"},\"datePublished\":\"2023-10-26T16:51:58+00:00\",\"dateModified\":\"2024-07-11T11:48:00+00:00\",\"breadcrumb\":{\"@id\":\"https:\/\/hurleprods.com\/en\/contact\/#breadcrumb\"},\"inLanguage\":\"en-US\",\"potentialAction\":[{\"@type\":\"ReadAction\",\"target\":[\"https:\/\/hurleprods.com\/en\/contact\/\"]}]},{\"@type\":\"BreadcrumbList\",\"@id\":\"https:\/\/hurleprods.com\/en\/contact\/#breadcrumb\",\"itemListElement\":[{\"@type\":\"ListItem\",\"position\":1,\"name\":\"Portada\",\"item\":\"https:\/\/hurleprods.com\/en\/hurle-prods\/\"},{\"@type\":\"ListItem\",\"position\":2,\"name\":\"CONTACT\"}]},{\"@type\":\"WebSite\",\"@id\":\"https:\/\/hurleprods.com\/#website\",\"url\":\"https:\/\/hurleprods.com\/\",\"name\":\"Hurl\u00e9 prods.\",\"description\":\"Producci\u00f3n y distribuci\u00f3n de proyectos de teatro, m\u00fasica, danza y peque\u00f1o formato\",\"publisher\":{\"@id\":\"https:\/\/hurleprods.com\/#organization\"},\"potentialAction\":[{\"@type\":\"SearchAction\",\"target\":{\"@type\":\"EntryPoint\",\"urlTemplate\":\"https:\/\/hurleprods.com\/?s={search_term_string}\"},\"query-input\":{\"@type\":\"PropertyValueSpecification\",\"valueRequired\":true,\"valueName\":\"search_term_string\"}}],\"inLanguage\":\"en-US\"},{\"@type\":\"Organization\",\"@id\":\"https:\/\/hurleprods.com\/#organization\",\"name\":\"Hurl\u00e9 prods.\",\"url\":\"https:\/\/hurleprods.com\/\",\"logo\":{\"@type\":\"ImageObject\",\"inLanguage\":\"en-US\",\"@id\":\"https:\/\/hurleprods.com\/#\/schema\/logo\/image\/\",\"url\":\"https:\/\/hurleprods.com\/wp-content\/uploads\/2023\/10\/logo-hurle-prods.svg\",\"contentUrl\":\"https:\/\/hurleprods.com\/wp-content\/uploads\/2023\/10\/logo-hurle-prods.svg\",\"width\":108,\"height\":79,\"caption\":\"Hurl\u00e9 prods.\"},\"image\":{\"@id\":\"https:\/\/hurleprods.com\/#\/schema\/logo\/image\/\"}}]}<\/script>\n<!-- \/ Yoast SEO plugin. -->","yoast_head_json":{"title":"CONTACT - Hurl\u00e9 prods.","robots":{"index":"index","follow":"follow","max-snippet":"max-snippet:-1","max-image-preview":"max-image-preview:large","max-video-preview":"max-video-preview:-1"},"canonical":"https:\/\/hurleprods.com\/en\/contact\/","og_locale":"en_US","og_type":"article","og_title":"CONTACT - Hurl\u00e9 prods.","og_description":"CONTACT hurleprods@gmail.com+34 620.56.41.87 VIGO","og_url":"https:\/\/hurleprods.com\/en\/contact\/","og_site_name":"Hurl\u00e9 prods.","article_modified_time":"2024-07-11T11:48:00+00:00","twitter_card":"summary_large_image","schema":{"@context":"https:\/\/schema.org","@graph":[{"@type":"WebPage","@id":"https:\/\/hurleprods.com\/en\/contact\/","url":"https:\/\/hurleprods.com\/en\/contact\/","name":"CONTACT - Hurl\u00e9 prods.","isPartOf":{"@id":"https:\/\/hurleprods.com\/#website"},"datePublished":"2023-10-26T16:51:58+00:00","dateModified":"2024-07-11T11:48:00+00:00","breadcrumb":{"@id":"https:\/\/hurleprods.com\/en\/contact\/#breadcrumb"},"inLanguage":"en-US","potentialAction":[{"@type":"ReadAction","target":["https:\/\/hurleprods.com\/en\/contact\/"]}]},{"@type":"BreadcrumbList","@id":"https:\/\/hurleprods.com\/en\/contact\/#breadcrumb","itemListElement":[{"@type":"ListItem","position":1,"name":"Portada","item":"https:\/\/hurleprods.com\/en\/hurle-prods\/"},{"@type":"ListItem","position":2,"name":"CONTACT"}]},{"@type":"WebSite","@id":"https:\/\/hurleprods.com\/#website","url":"https:\/\/hurleprods.com\/","name":"Hurl\u00e9 prods.","description":"Producci\u00f3n y distribuci\u00f3n de proyectos de teatro, m\u00fasica, danza y peque\u00f1o formato","publisher":{"@id":"https:\/\/hurleprods.com\/#organization"},"potentialAction":[{"@type":"SearchAction","target":{"@type":"EntryPoint","urlTemplate":"https:\/\/hurleprods.com\/?s={search_term_string}"},"query-input":{"@type":"PropertyValueSpecification","valueRequired":true,"valueName":"search_term_string"}}],"inLanguage":"en-US"},{"@type":"Organization","@id":"https:\/\/hurleprods.com\/#organization","name":"Hurl\u00e9 prods.","url":"https:\/\/hurleprods.com\/","logo":{"@type":"ImageObject","inLanguage":"en-US","@id":"https:\/\/hurleprods.com\/#\/schema\/logo\/image\/","url":"https:\/\/hurleprods.com\/wp-content\/uploads\/2023\/10\/logo-hurle-prods.svg","contentUrl":"https:\/\/hurleprods.com\/wp-content\/uploads\/2023\/10\/logo-hurle-prods.svg","width":108,"height":79,"caption":"Hurl\u00e9 prods."},"image":{"@id":"https:\/\/hurleprods.com\/#\/schema\/logo\/image\/"}}]}},"_links":{"self":[{"href":"https:\/\/hurleprods.com\/en\/wp-json\/wp\/v2\/pages\/545","targetHints":{"allow":["GET"]}}],"collection":[{"href":"https:\/\/hurleprods.com\/en\/wp-json\/wp\/v2\/pages"}],"about":[{"href":"https:\/\/hurleprods.com\/en\/wp-json\/wp\/v2\/types\/page"}],"author":[{"embeddable":true,"href":"https:\/\/hurleprods.com\/en\/wp-json\/wp\/v2\/users\/1"}],"replies":[{"embeddable":true,"href":"https:\/\/hurleprods.com\/en\/wp-json\/wp\/v2\/comments?post=545"}],"version-history":[{"count":4,"href":"https:\/\/hurleprods.com\/en\/wp-json\/wp\/v2\/pages\/545\/revisions"}],"predecessor-version":[{"id":8263,"href":"https:\/\/hurleprods.com\/en\/wp-json\/wp\/v2\/pages\/545\/revisions\/8263"}],"wp:attachment":[{"href":"https:\/\/hurleprods.com\/en\/wp-json\/wp\/v2\/media?parent=545"}],"curies":[{"name":"wp","href":"https:\/\/api.w.org\/{rel}","templated":true}]}}