{"id":353,"date":"2023-10-23T10:02:10","date_gmt":"2023-10-23T08:02:10","guid":{"rendered":"https:\/\/hurleprods.com\/hurle-prods\/"},"modified":"2026-03-17T10:33:25","modified_gmt":"2026-03-17T09:33:25","slug":"hurle-prods","status":"publish","type":"page","link":"https:\/\/hurleprods.com\/gl\/","title":{"rendered":"Hurl\u00e9 prods."},"content":{"rendered":"\t\t<div data-elementor-type=\"wp-page\" data-elementor-id=\"353\" class=\"elementor elementor-353 elementor-13\" data-elementor-post-type=\"page\">\n\t\t\t\t<div class=\"elementor-element elementor-element-0b15dfb e-flex e-con-boxed e-con e-parent\" data-id=\"0b15dfb\" data-element_type=\"container\" data-e-type=\"container\">\n\t\t\t\t\t<div class=\"e-con-inner\">\n\t\t\t\t<div class=\"elementor-element elementor-element-d551f67 elementor-grid-4 elementor-grid-tablet-2 elementor-grid-mobile-1 elementor-widget elementor-widget-portfolio\" data-id=\"d551f67\" data-element_type=\"widget\" data-e-type=\"widget\" data-settings=\"{&quot;columns&quot;:&quot;4&quot;,&quot;row_gap&quot;:{&quot;unit&quot;:&quot;px&quot;,&quot;size&quot;:20,&quot;sizes&quot;:[]},&quot;columns_tablet&quot;:&quot;2&quot;,&quot;columns_mobile&quot;:&quot;1&quot;,&quot;item_ratio&quot;:{&quot;unit&quot;:&quot;px&quot;,&quot;size&quot;:0.66,&quot;sizes&quot;:[]},&quot;item_gap&quot;:{&quot;unit&quot;:&quot;px&quot;,&quot;size&quot;:&quot;&quot;,&quot;sizes&quot;:[]}}\" data-widget_type=\"portfolio.default\">\n\t\t\t\t<div class=\"elementor-widget-container\">\n\t\t\t\t\t\t\t<ul class=\"elementor-portfolio__filters\">\n\t\t\t<li class=\"elementor-portfolio__filter elementor-active\" tabindex=\"0\" data-filter=\"__all\">TODO<\/li>\n\t\t\t\t\t\t\t<li class=\"elementor-portfolio__filter\" tabindex=\"0\" data-filter=\"28\">M\u00fasica<\/li>\n\t\t\t\t\t\t\t<li class=\"elementor-portfolio__filter\" tabindex=\"0\" data-filter=\"42\">Pequeno formato<\/li>\n\t\t\t\t\t\t\t<li class=\"elementor-portfolio__filter\" tabindex=\"0\" data-filter=\"40\">Peque\u00f1o formato<\/li>\n\t\t\t\t\t\t\t<li class=\"elementor-portfolio__filter\" tabindex=\"0\" data-filter=\"46\">Teatro infantil<\/li>\n\t\t\t\t\t\t\t<li class=\"elementor-portfolio__filter\" tabindex=\"0\" data-filter=\"44\">Teatro\/danza<\/li>\n\t\t\t\t\t<\/ul>\n\t\t\t\t<div class=\"elementor-portfolio elementor-grid elementor-posts-container\" role=\"list\">\n\t\t\t\t<article class=\"elementor-portfolio-item elementor-post elementor-filter-44 post-8474 proyecto type-proyecto status-publish has-post-thumbnail hentry disciplina-teatro-danza-gl tipo-distribucion-gl tipo-producion\" role=\"listitem\">\n\t\t\t<a class=\"elementor-post__thumbnail__link\" href=\"https:\/\/hurleprods.com\/gl\/proyecto\/virxinia-unha-muller-espida\/\">\n\t\t\t\t<div class=\"elementor-portfolio-item__img elementor-post__thumbnail\">\n\t\t\t<img fetchpriority=\"high\" decoding=\"async\" width=\"768\" height=\"432\" src=\"https:\/\/hurleprods.com\/wp-content\/uploads\/2026\/01\/Diseno-sin-titulo-768x432.webp\" class=\"attachment-medium_large size-medium_large wp-image-8473\" alt=\"\" srcset=\"https:\/\/hurleprods.com\/wp-content\/uploads\/2026\/01\/Diseno-sin-titulo-768x432.webp 768w, https:\/\/hurleprods.com\/wp-content\/uploads\/2026\/01\/Diseno-sin-titulo-300x169.webp 300w, https:\/\/hurleprods.com\/wp-content\/uploads\/2026\/01\/Diseno-sin-titulo-1024x576.webp 1024w, https:\/\/hurleprods.com\/wp-content\/uploads\/2026\/01\/Diseno-sin-titulo-1536x864.webp 1536w, https:\/\/hurleprods.com\/wp-content\/uploads\/2026\/01\/Diseno-sin-titulo.webp 1920w\" sizes=\"(max-width: 768px) 100vw, 768px\" \/>\t\t<\/div>\n\t\t\t\t<div class=\"elementor-portfolio-item__overlay\">\n\t\t\t\t<h3 class=\"elementor-portfolio-item__title\">\n\t\tVirxinia, unha muller espida\t\t<\/h3>\n\t\t\t\t<\/div>\n\t\t\t\t<\/a>\n\t\t<\/article>\n\t\t\t\t<article class=\"elementor-portfolio-item elementor-post elementor-filter-40 post-8458 proyecto type-proyecto status-publish has-post-thumbnail hentry disciplina-pequeno-formato tipo-distribucion-gl tipo-producion\" role=\"listitem\">\n\t\t\t<a class=\"elementor-post__thumbnail__link\" href=\"https:\/\/hurleprods.com\/gl\/proyecto\/o-ritual\/\">\n\t\t\t\t<div class=\"elementor-portfolio-item__img elementor-post__thumbnail\">\n\t\t\t<img decoding=\"async\" width=\"768\" height=\"513\" src=\"https:\/\/hurleprods.com\/wp-content\/uploads\/2026\/01\/IMG-20250626-WA0006-768x513.webp\" class=\"attachment-medium_large size-medium_large wp-image-8454\" alt=\"\" srcset=\"https:\/\/hurleprods.com\/wp-content\/uploads\/2026\/01\/IMG-20250626-WA0006-768x513.webp 768w, https:\/\/hurleprods.com\/wp-content\/uploads\/2026\/01\/IMG-20250626-WA0006-300x200.webp 300w, https:\/\/hurleprods.com\/wp-content\/uploads\/2026\/01\/IMG-20250626-WA0006-1024x684.webp 1024w, https:\/\/hurleprods.com\/wp-content\/uploads\/2026\/01\/IMG-20250626-WA0006-1536x1026.webp 1536w, https:\/\/hurleprods.com\/wp-content\/uploads\/2026\/01\/IMG-20250626-WA0006.webp 1600w\" sizes=\"(max-width: 768px) 100vw, 768px\" \/>\t\t<\/div>\n\t\t\t\t<div class=\"elementor-portfolio-item__overlay\">\n\t\t\t\t<h3 class=\"elementor-portfolio-item__title\">\n\t\tO Ritual\t\t<\/h3>\n\t\t\t\t<\/div>\n\t\t\t\t<\/a>\n\t\t<\/article>\n\t\t\t\t<article class=\"elementor-portfolio-item elementor-post elementor-filter-42 post-8292 proyecto type-proyecto status-publish has-post-thumbnail hentry disciplina-pequeno-formato-gl tipo-distribucion-gl tipo-producion\" role=\"listitem\">\n\t\t\t<a class=\"elementor-post__thumbnail__link\" href=\"https:\/\/hurleprods.com\/gl\/proyecto\/mina-pequena\/\">\n\t\t\t\t<div class=\"elementor-portfolio-item__img elementor-post__thumbnail\">\n\t\t\t<img decoding=\"async\" width=\"768\" height=\"477\" src=\"https:\/\/hurleprods.com\/wp-content\/uploads\/2025\/11\/20251031_0007-768x477.webp\" class=\"attachment-medium_large size-medium_large wp-image-8382\" alt=\"\" srcset=\"https:\/\/hurleprods.com\/wp-content\/uploads\/2025\/11\/20251031_0007-768x477.webp 768w, https:\/\/hurleprods.com\/wp-content\/uploads\/2025\/11\/20251031_0007-300x186.webp 300w, https:\/\/hurleprods.com\/wp-content\/uploads\/2025\/11\/20251031_0007-1024x636.webp 1024w, https:\/\/hurleprods.com\/wp-content\/uploads\/2025\/11\/20251031_0007-1536x954.webp 1536w, https:\/\/hurleprods.com\/wp-content\/uploads\/2025\/11\/20251031_0007.webp 1920w\" sizes=\"(max-width: 768px) 100vw, 768px\" \/>\t\t<\/div>\n\t\t\t\t<div class=\"elementor-portfolio-item__overlay\">\n\t\t\t\t<h3 class=\"elementor-portfolio-item__title\">\n\t\tMi\u00f1a pequena\t\t<\/h3>\n\t\t\t\t<\/div>\n\t\t\t\t<\/a>\n\t\t<\/article>\n\t\t\t\t<article class=\"elementor-portfolio-item elementor-post elementor-filter-44 post-523 proyecto type-proyecto status-publish has-post-thumbnail hentry disciplina-teatro-danza-gl tipo-distribucion-gl tipo-producion\" role=\"listitem\">\n\t\t\t<a class=\"elementor-post__thumbnail__link\" href=\"https:\/\/hurleprods.com\/gl\/proyecto\/penelope\/\">\n\t\t\t\t<div class=\"elementor-portfolio-item__img elementor-post__thumbnail\">\n\t\t\t<img loading=\"lazy\" decoding=\"async\" width=\"768\" height=\"432\" src=\"https:\/\/hurleprods.com\/wp-content\/uploads\/2023\/10\/vlcsnap-2023-10-17-08h49m55s392-768x432.png\" class=\"attachment-medium_large size-medium_large wp-image-526\" alt=\"\" srcset=\"https:\/\/hurleprods.com\/wp-content\/uploads\/2023\/10\/vlcsnap-2023-10-17-08h49m55s392-768x432.png 768w, https:\/\/hurleprods.com\/wp-content\/uploads\/2023\/10\/vlcsnap-2023-10-17-08h49m55s392-300x169.png 300w, https:\/\/hurleprods.com\/wp-content\/uploads\/2023\/10\/vlcsnap-2023-10-17-08h49m55s392-1024x576.png 1024w, https:\/\/hurleprods.com\/wp-content\/uploads\/2023\/10\/vlcsnap-2023-10-17-08h49m55s392-1536x864.png 1536w, https:\/\/hurleprods.com\/wp-content\/uploads\/2023\/10\/vlcsnap-2023-10-17-08h49m55s392.png 1920w\" sizes=\"(max-width: 768px) 100vw, 768px\" \/>\t\t<\/div>\n\t\t\t\t<div class=\"elementor-portfolio-item__overlay\">\n\t\t\t\t<h3 class=\"elementor-portfolio-item__title\">\n\t\tPen\u00e9lope: destecendo o v\u00ednculo\t\t<\/h3>\n\t\t\t\t<\/div>\n\t\t\t\t<\/a>\n\t\t<\/article>\n\t\t\t\t<article class=\"elementor-portfolio-item elementor-post elementor-filter-42 post-456 proyecto type-proyecto status-publish has-post-thumbnail hentry disciplina-pequeno-formato-gl tipo-distribucion-gl tipo-producion\" role=\"listitem\">\n\t\t\t<a class=\"elementor-post__thumbnail__link\" href=\"https:\/\/hurleprods.com\/gl\/proyecto\/volatil\/\">\n\t\t\t\t<div class=\"elementor-portfolio-item__img elementor-post__thumbnail\">\n\t\t\t<img loading=\"lazy\" decoding=\"async\" width=\"720\" height=\"720\" src=\"https:\/\/hurleprods.com\/wp-content\/uploads\/2023\/10\/volatil-constance-hurle.jpg\" class=\"attachment-medium_large size-medium_large wp-image-458\" alt=\"\" srcset=\"https:\/\/hurleprods.com\/wp-content\/uploads\/2023\/10\/volatil-constance-hurle.jpg 720w, https:\/\/hurleprods.com\/wp-content\/uploads\/2023\/10\/volatil-constance-hurle-300x300.jpg 300w, https:\/\/hurleprods.com\/wp-content\/uploads\/2023\/10\/volatil-constance-hurle-150x150.jpg 150w\" sizes=\"(max-width: 720px) 100vw, 720px\" \/>\t\t<\/div>\n\t\t\t\t<div class=\"elementor-portfolio-item__overlay\">\n\t\t\t\t<h3 class=\"elementor-portfolio-item__title\">\n\t\tVol\u00e1til\t\t<\/h3>\n\t\t\t\t<\/div>\n\t\t\t\t<\/a>\n\t\t<\/article>\n\t\t\t\t<article class=\"elementor-portfolio-item elementor-post elementor-filter-46 post-8437 proyecto type-proyecto status-publish has-post-thumbnail hentry disciplina-teatro-infantil-gl tipo-distribucion-gl\" role=\"listitem\">\n\t\t\t<a class=\"elementor-post__thumbnail__link\" href=\"https:\/\/hurleprods.com\/gl\/proyecto\/fiadora-de-sonos-teatro-infantil\/\">\n\t\t\t\t<div class=\"elementor-portfolio-item__img elementor-post__thumbnail\">\n\t\t\t<img loading=\"lazy\" decoding=\"async\" width=\"768\" height=\"434\" src=\"https:\/\/hurleprods.com\/wp-content\/uploads\/2026\/01\/cartaz-fiadora-768x434.webp\" class=\"attachment-medium_large size-medium_large wp-image-8411\" alt=\"\" srcset=\"https:\/\/hurleprods.com\/wp-content\/uploads\/2026\/01\/cartaz-fiadora-768x434.webp 768w, https:\/\/hurleprods.com\/wp-content\/uploads\/2026\/01\/cartaz-fiadora-300x170.webp 300w, https:\/\/hurleprods.com\/wp-content\/uploads\/2026\/01\/cartaz-fiadora-1024x579.webp 1024w, https:\/\/hurleprods.com\/wp-content\/uploads\/2026\/01\/cartaz-fiadora-1536x869.webp 1536w, https:\/\/hurleprods.com\/wp-content\/uploads\/2026\/01\/cartaz-fiadora.webp 1673w\" sizes=\"(max-width: 768px) 100vw, 768px\" \/>\t\t<\/div>\n\t\t\t\t<div class=\"elementor-portfolio-item__overlay\">\n\t\t\t\t<h3 class=\"elementor-portfolio-item__title\">\n\t\tFiadora de so\u00f1os \u2013 Teatro infantil\t\t<\/h3>\n\t\t\t\t<\/div>\n\t\t\t\t<\/a>\n\t\t<\/article>\n\t\t\t\t<article class=\"elementor-portfolio-item elementor-post elementor-filter-28 post-314 proyecto type-proyecto status-publish has-post-thumbnail hentry disciplina-musica-gl tipo-distribucion-gl tipo-producion\" role=\"listitem\">\n\t\t\t<a class=\"elementor-post__thumbnail__link\" href=\"https:\/\/hurleprods.com\/gl\/proyecto\/ghastas-pista-swing-project\/\">\n\t\t\t\t<div class=\"elementor-portfolio-item__img elementor-post__thumbnail\">\n\t\t\t<img loading=\"lazy\" decoding=\"async\" width=\"768\" height=\"512\" src=\"https:\/\/hurleprods.com\/wp-content\/uploads\/2023\/10\/ghastas-pista-swing-project-destacada-768x512.webp\" class=\"attachment-medium_large size-medium_large wp-image-315\" alt=\"\" srcset=\"https:\/\/hurleprods.com\/wp-content\/uploads\/2023\/10\/ghastas-pista-swing-project-destacada-768x512.webp 768w, https:\/\/hurleprods.com\/wp-content\/uploads\/2023\/10\/ghastas-pista-swing-project-destacada-300x200.webp 300w, https:\/\/hurleprods.com\/wp-content\/uploads\/2023\/10\/ghastas-pista-swing-project-destacada.webp 1000w\" sizes=\"(max-width: 768px) 100vw, 768px\" \/>\t\t<\/div>\n\t\t\t\t<div class=\"elementor-portfolio-item__overlay\">\n\t\t\t\t<h3 class=\"elementor-portfolio-item__title\">\n\t\tGhastas Pista Swing Project\t\t<\/h3>\n\t\t\t\t<\/div>\n\t\t\t\t<\/a>\n\t\t<\/article>\n\t\t\t\t<article class=\"elementor-portfolio-item elementor-post elementor-filter-46 post-8063 proyecto type-proyecto status-publish has-post-thumbnail hentry disciplina-teatro-infantil-gl tipo-distribucion-gl\" role=\"listitem\">\n\t\t\t<a class=\"elementor-post__thumbnail__link\" href=\"https:\/\/hurleprods.com\/gl\/proyecto\/estrazalonia\/\">\n\t\t\t\t<div class=\"elementor-portfolio-item__img elementor-post__thumbnail\">\n\t\t\t<img loading=\"lazy\" decoding=\"async\" width=\"768\" height=\"512\" src=\"https:\/\/hurleprods.com\/wp-content\/uploads\/2023\/12\/Estrazalonia-1-768x512.webp\" class=\"attachment-medium_large size-medium_large wp-image-8055\" alt=\"Estrazalonia\" srcset=\"https:\/\/hurleprods.com\/wp-content\/uploads\/2023\/12\/Estrazalonia-1-768x512.webp 768w, https:\/\/hurleprods.com\/wp-content\/uploads\/2023\/12\/Estrazalonia-1-300x200.webp 300w, https:\/\/hurleprods.com\/wp-content\/uploads\/2023\/12\/Estrazalonia-1-1024x683.webp 1024w, https:\/\/hurleprods.com\/wp-content\/uploads\/2023\/12\/Estrazalonia-1.webp 1500w\" sizes=\"(max-width: 768px) 100vw, 768px\" \/>\t\t<\/div>\n\t\t\t\t<div class=\"elementor-portfolio-item__overlay\">\n\t\t\t\t<h3 class=\"elementor-portfolio-item__title\">\n\t\tEstrazalonia\t\t<\/h3>\n\t\t\t\t<\/div>\n\t\t\t\t<\/a>\n\t\t<\/article>\n\t\t\t\t<article class=\"elementor-portfolio-item elementor-post elementor-filter-46 post-347 proyecto type-proyecto status-publish has-post-thumbnail hentry disciplina-teatro-infantil-gl tipo-distribucion-gl\" role=\"listitem\">\n\t\t\t<a class=\"elementor-post__thumbnail__link\" href=\"https:\/\/hurleprods.com\/gl\/proyecto\/tilintilonia-teatro-para-bebes\/\">\n\t\t\t\t<div class=\"elementor-portfolio-item__img elementor-post__thumbnail\">\n\t\t\t<img loading=\"lazy\" decoding=\"async\" width=\"768\" height=\"577\" src=\"https:\/\/hurleprods.com\/wp-content\/uploads\/2023\/10\/DSC04093-B-768x577.jpg\" class=\"attachment-medium_large size-medium_large wp-image-349\" alt=\"\" srcset=\"https:\/\/hurleprods.com\/wp-content\/uploads\/2023\/10\/DSC04093-B-768x577.jpg 768w, https:\/\/hurleprods.com\/wp-content\/uploads\/2023\/10\/DSC04093-B-300x226.jpg 300w, https:\/\/hurleprods.com\/wp-content\/uploads\/2023\/10\/DSC04093-B-1024x770.jpg 1024w, https:\/\/hurleprods.com\/wp-content\/uploads\/2023\/10\/DSC04093-B.jpg 1200w\" sizes=\"(max-width: 768px) 100vw, 768px\" \/>\t\t<\/div>\n\t\t\t\t<div class=\"elementor-portfolio-item__overlay\">\n\t\t\t\t<h3 class=\"elementor-portfolio-item__title\">\n\t\tTilintilonia \u2013 Teatro para beb\u00e9s\t\t<\/h3>\n\t\t\t\t<\/div>\n\t\t\t\t<\/a>\n\t\t<\/article>\n\t\t\t\t<article class=\"elementor-portfolio-item elementor-post elementor-filter-42 post-342 proyecto type-proyecto status-publish has-post-thumbnail hentry disciplina-pequeno-formato-gl tipo-distribucion-gl tipo-producion\" role=\"listitem\">\n\t\t\t<a class=\"elementor-post__thumbnail__link\" href=\"https:\/\/hurleprods.com\/gl\/proyecto\/visceras-poeticas\/\">\n\t\t\t\t<div class=\"elementor-portfolio-item__img elementor-post__thumbnail\">\n\t\t\t<img loading=\"lazy\" decoding=\"async\" width=\"768\" height=\"428\" src=\"https:\/\/hurleprods.com\/wp-content\/uploads\/2023\/10\/visceras-poeticas-768x428.jpg\" class=\"attachment-medium_large size-medium_large wp-image-341\" alt=\"V\u00edsceras Po\u00e9ticas\" srcset=\"https:\/\/hurleprods.com\/wp-content\/uploads\/2023\/10\/visceras-poeticas-768x428.jpg 768w, https:\/\/hurleprods.com\/wp-content\/uploads\/2023\/10\/visceras-poeticas-300x167.jpg 300w, https:\/\/hurleprods.com\/wp-content\/uploads\/2023\/10\/visceras-poeticas-1024x570.jpg 1024w, https:\/\/hurleprods.com\/wp-content\/uploads\/2023\/10\/visceras-poeticas.jpg 1440w\" sizes=\"(max-width: 768px) 100vw, 768px\" \/>\t\t<\/div>\n\t\t\t\t<div class=\"elementor-portfolio-item__overlay\">\n\t\t\t\t<h3 class=\"elementor-portfolio-item__title\">\n\t\tV\u00edsceras Po\u00e9ticas\t\t<\/h3>\n\t\t\t\t<\/div>\n\t\t\t\t<\/a>\n\t\t<\/article>\n\t\t\t\t<article class=\"elementor-portfolio-item elementor-post elementor-filter-42 post-597 proyecto type-proyecto status-publish has-post-thumbnail hentry disciplina-pequeno-formato-gl tipo-distribucion-gl tipo-producion\" role=\"listitem\">\n\t\t\t<a class=\"elementor-post__thumbnail__link\" href=\"https:\/\/hurleprods.com\/gl\/proyecto\/ad-hoc\/\">\n\t\t\t\t<div class=\"elementor-portfolio-item__img elementor-post__thumbnail\">\n\t\t\t<img loading=\"lazy\" decoding=\"async\" width=\"768\" height=\"515\" src=\"https:\/\/hurleprods.com\/wp-content\/uploads\/2023\/11\/foto1-1-768x515.jpg\" class=\"attachment-medium_large size-medium_large wp-image-568\" alt=\"\" srcset=\"https:\/\/hurleprods.com\/wp-content\/uploads\/2023\/11\/foto1-1-768x515.jpg 768w, https:\/\/hurleprods.com\/wp-content\/uploads\/2023\/11\/foto1-1-300x201.jpg 300w, https:\/\/hurleprods.com\/wp-content\/uploads\/2023\/11\/foto1-1-1024x687.jpg 1024w, https:\/\/hurleprods.com\/wp-content\/uploads\/2023\/11\/foto1-1-1536x1031.jpg 1536w, https:\/\/hurleprods.com\/wp-content\/uploads\/2023\/11\/foto1-1.jpg 2000w\" sizes=\"(max-width: 768px) 100vw, 768px\" \/>\t\t<\/div>\n\t\t\t\t<div class=\"elementor-portfolio-item__overlay\">\n\t\t\t\t<h3 class=\"elementor-portfolio-item__title\">\n\t\t\u201cAd hoc\u201d\t\t<\/h3>\n\t\t\t\t<\/div>\n\t\t\t\t<\/a>\n\t\t<\/article>\n\t\t\t\t<article class=\"elementor-portfolio-item elementor-post elementor-filter-46 post-488 proyecto type-proyecto status-publish has-post-thumbnail hentry disciplina-teatro-infantil-gl tipo-distribucion-gl\" role=\"listitem\">\n\t\t\t<a class=\"elementor-post__thumbnail__link\" href=\"https:\/\/hurleprods.com\/gl\/proyecto\/lixo-teatro-infantil\/\">\n\t\t\t\t<div class=\"elementor-portfolio-item__img elementor-post__thumbnail\">\n\t\t\t<img loading=\"lazy\" decoding=\"async\" width=\"768\" height=\"1087\" src=\"https:\/\/hurleprods.com\/wp-content\/uploads\/2023\/10\/CARTEL-LOGO-LIXO-768x1087.jpg\" class=\"attachment-medium_large size-medium_large wp-image-490\" alt=\"\" srcset=\"https:\/\/hurleprods.com\/wp-content\/uploads\/2023\/10\/CARTEL-LOGO-LIXO-768x1087.jpg 768w, https:\/\/hurleprods.com\/wp-content\/uploads\/2023\/10\/CARTEL-LOGO-LIXO-212x300.jpg 212w, https:\/\/hurleprods.com\/wp-content\/uploads\/2023\/10\/CARTEL-LOGO-LIXO-723x1024.jpg 723w, https:\/\/hurleprods.com\/wp-content\/uploads\/2023\/10\/CARTEL-LOGO-LIXO.jpg 840w\" sizes=\"(max-width: 768px) 100vw, 768px\" \/>\t\t<\/div>\n\t\t\t\t<div class=\"elementor-portfolio-item__overlay\">\n\t\t\t\t<h3 class=\"elementor-portfolio-item__title\">\n\t\tLixo \u2013 Teatro infantil\t\t<\/h3>\n\t\t\t\t<\/div>\n\t\t\t\t<\/a>\n\t\t<\/article>\n\t\t\t\t<\/div>\n\t\t\t\t\t\t<\/div>\n\t\t\t\t<\/div>\n\t\t\t\t\t<\/div>\n\t\t\t\t<\/div>\n\t\t<div class=\"elementor-element elementor-element-f636945 e-flex e-con-boxed e-con e-parent\" data-id=\"f636945\" data-element_type=\"container\" data-e-type=\"container\">\n\t\t\t\t\t<div class=\"e-con-inner\">\n\t\t\t\t<div class=\"elementor-element elementor-element-5131f3a elementor-align-center elementor-widget elementor-widget-button\" data-id=\"5131f3a\" data-element_type=\"widget\" data-e-type=\"widget\" data-widget_type=\"button.default\">\n\t\t\t\t<div class=\"elementor-widget-container\">\n\t\t\t\t\t\t\t\t\t<div class=\"elementor-button-wrapper\">\n\t\t\t\t\t<a class=\"elementor-button elementor-button-link elementor-size-md\" href=\"https:\/\/hurleprods.com\/wp-content\/uploads\/2026\/03\/CATALOGO-HURLE-PRODS-2026-_-GAL-1.pdf\" target=\"_blank\">\n\t\t\t\t\t\t<span class=\"elementor-button-content-wrapper\">\n\t\t\t\t\t\t<span class=\"elementor-button-icon\">\n\t\t\t\t<i aria-hidden=\"true\" class=\"fas fa-file-download\"><\/i>\t\t\t<\/span>\n\t\t\t\t\t\t\t\t\t<span class=\"elementor-button-text\">Descargar cat\u00e1logo de proxectos<\/span>\n\t\t\t\t\t<\/span>\n\t\t\t\t\t<\/a>\n\t\t\t\t<\/div>\n\t\t\t\t\t\t\t\t<\/div>\n\t\t\t\t<\/div>\n\t\t\t\t\t<\/div>\n\t\t\t\t<\/div>\n\t\t\t\t<\/div>\n\t\t","protected":false},"excerpt":{"rendered":"<p>Descargar cat\u00e1logo de proxectos<\/p>\n","protected":false},"author":1,"featured_media":0,"parent":0,"menu_order":0,"comment_status":"closed","ping_status":"closed","template":"","meta":{"_acf_changed":false,"footnotes":""},"class_list":["post-353","page","type-page","status-publish","hentry"],"acf":[],"yoast_head":"<!-- This site is optimized with the Yoast SEO plugin v27.2 - https:\/\/yoast.com\/product\/yoast-seo-wordpress\/ -->\n<title>Hurl\u00e9 prods. - Hurl\u00e9 prods.<\/title>\n<meta name=\"robots\" content=\"index, follow, max-snippet:-1, max-image-preview:large, max-video-preview:-1\" \/>\n<link rel=\"canonical\" href=\"https:\/\/hurleprods.com\/gl\/hurle-prods\/\" \/>\n<meta property=\"og:locale\" content=\"gl_ES\" \/>\n<meta property=\"og:type\" content=\"article\" \/>\n<meta property=\"og:title\" content=\"Hurl\u00e9 prods. - Hurl\u00e9 prods.\" \/>\n<meta property=\"og:description\" content=\"Descargar cat\u00e1logo de proxectos\" \/>\n<meta property=\"og:url\" content=\"https:\/\/hurleprods.com\/gl\/hurle-prods\/\" \/>\n<meta property=\"og:site_name\" content=\"Hurl\u00e9 prods.\" \/>\n<meta property=\"article:modified_time\" content=\"2026-03-17T09:33:25+00:00\" \/>\n<meta name=\"twitter:card\" content=\"summary_large_image\" \/>\n<script type=\"application\/ld+json\" class=\"yoast-schema-graph\">{\"@context\":\"https:\/\/schema.org\",\"@graph\":[{\"@type\":\"WebPage\",\"@id\":\"https:\/\/hurleprods.com\/gl\/hurle-prods\/\",\"url\":\"https:\/\/hurleprods.com\/gl\/hurle-prods\/\",\"name\":\"Hurl\u00e9 prods. - Hurl\u00e9 prods.\",\"isPartOf\":{\"@id\":\"https:\/\/hurleprods.com\/#website\"},\"datePublished\":\"2023-10-23T08:02:10+00:00\",\"dateModified\":\"2026-03-17T09:33:25+00:00\",\"breadcrumb\":{\"@id\":\"https:\/\/hurleprods.com\/gl\/hurle-prods\/#breadcrumb\"},\"inLanguage\":\"gl-ES\",\"potentialAction\":[{\"@type\":\"ReadAction\",\"target\":[\"https:\/\/hurleprods.com\/gl\/hurle-prods\/\"]}]},{\"@type\":\"BreadcrumbList\",\"@id\":\"https:\/\/hurleprods.com\/gl\/hurle-prods\/#breadcrumb\",\"itemListElement\":[{\"@type\":\"ListItem\",\"position\":1,\"name\":\"Portada\",\"item\":\"https:\/\/hurleprods.com\/gl\/hurle-prods\/\"},{\"@type\":\"ListItem\",\"position\":2,\"name\":\"Hurl\u00e9 prods.\"}]},{\"@type\":\"WebSite\",\"@id\":\"https:\/\/hurleprods.com\/#website\",\"url\":\"https:\/\/hurleprods.com\/\",\"name\":\"Hurl\u00e9 prods.\",\"description\":\"Producci\u00f3n y distribuci\u00f3n de proyectos de teatro, m\u00fasica, danza y peque\u00f1o formato\",\"publisher\":{\"@id\":\"https:\/\/hurleprods.com\/#organization\"},\"potentialAction\":[{\"@type\":\"SearchAction\",\"target\":{\"@type\":\"EntryPoint\",\"urlTemplate\":\"https:\/\/hurleprods.com\/?s={search_term_string}\"},\"query-input\":{\"@type\":\"PropertyValueSpecification\",\"valueRequired\":true,\"valueName\":\"search_term_string\"}}],\"inLanguage\":\"gl-ES\"},{\"@type\":\"Organization\",\"@id\":\"https:\/\/hurleprods.com\/#organization\",\"name\":\"Hurl\u00e9 prods.\",\"url\":\"https:\/\/hurleprods.com\/\",\"logo\":{\"@type\":\"ImageObject\",\"inLanguage\":\"gl-ES\",\"@id\":\"https:\/\/hurleprods.com\/#\/schema\/logo\/image\/\",\"url\":\"https:\/\/hurleprods.com\/wp-content\/uploads\/2023\/10\/logo-hurle-prods.svg\",\"contentUrl\":\"https:\/\/hurleprods.com\/wp-content\/uploads\/2023\/10\/logo-hurle-prods.svg\",\"width\":108,\"height\":79,\"caption\":\"Hurl\u00e9 prods.\"},\"image\":{\"@id\":\"https:\/\/hurleprods.com\/#\/schema\/logo\/image\/\"}}]}<\/script>\n<!-- \/ Yoast SEO plugin. -->","yoast_head_json":{"title":"Hurl\u00e9 prods. - Hurl\u00e9 prods.","robots":{"index":"index","follow":"follow","max-snippet":"max-snippet:-1","max-image-preview":"max-image-preview:large","max-video-preview":"max-video-preview:-1"},"canonical":"https:\/\/hurleprods.com\/gl\/hurle-prods\/","og_locale":"gl_ES","og_type":"article","og_title":"Hurl\u00e9 prods. - Hurl\u00e9 prods.","og_description":"Descargar cat\u00e1logo de proxectos","og_url":"https:\/\/hurleprods.com\/gl\/hurle-prods\/","og_site_name":"Hurl\u00e9 prods.","article_modified_time":"2026-03-17T09:33:25+00:00","twitter_card":"summary_large_image","schema":{"@context":"https:\/\/schema.org","@graph":[{"@type":"WebPage","@id":"https:\/\/hurleprods.com\/gl\/hurle-prods\/","url":"https:\/\/hurleprods.com\/gl\/hurle-prods\/","name":"Hurl\u00e9 prods. - Hurl\u00e9 prods.","isPartOf":{"@id":"https:\/\/hurleprods.com\/#website"},"datePublished":"2023-10-23T08:02:10+00:00","dateModified":"2026-03-17T09:33:25+00:00","breadcrumb":{"@id":"https:\/\/hurleprods.com\/gl\/hurle-prods\/#breadcrumb"},"inLanguage":"gl-ES","potentialAction":[{"@type":"ReadAction","target":["https:\/\/hurleprods.com\/gl\/hurle-prods\/"]}]},{"@type":"BreadcrumbList","@id":"https:\/\/hurleprods.com\/gl\/hurle-prods\/#breadcrumb","itemListElement":[{"@type":"ListItem","position":1,"name":"Portada","item":"https:\/\/hurleprods.com\/gl\/hurle-prods\/"},{"@type":"ListItem","position":2,"name":"Hurl\u00e9 prods."}]},{"@type":"WebSite","@id":"https:\/\/hurleprods.com\/#website","url":"https:\/\/hurleprods.com\/","name":"Hurl\u00e9 prods.","description":"Producci\u00f3n y distribuci\u00f3n de proyectos de teatro, m\u00fasica, danza y peque\u00f1o formato","publisher":{"@id":"https:\/\/hurleprods.com\/#organization"},"potentialAction":[{"@type":"SearchAction","target":{"@type":"EntryPoint","urlTemplate":"https:\/\/hurleprods.com\/?s={search_term_string}"},"query-input":{"@type":"PropertyValueSpecification","valueRequired":true,"valueName":"search_term_string"}}],"inLanguage":"gl-ES"},{"@type":"Organization","@id":"https:\/\/hurleprods.com\/#organization","name":"Hurl\u00e9 prods.","url":"https:\/\/hurleprods.com\/","logo":{"@type":"ImageObject","inLanguage":"gl-ES","@id":"https:\/\/hurleprods.com\/#\/schema\/logo\/image\/","url":"https:\/\/hurleprods.com\/wp-content\/uploads\/2023\/10\/logo-hurle-prods.svg","contentUrl":"https:\/\/hurleprods.com\/wp-content\/uploads\/2023\/10\/logo-hurle-prods.svg","width":108,"height":79,"caption":"Hurl\u00e9 prods."},"image":{"@id":"https:\/\/hurleprods.com\/#\/schema\/logo\/image\/"}}]}},"_links":{"self":[{"href":"https:\/\/hurleprods.com\/gl\/wp-json\/wp\/v2\/pages\/353","targetHints":{"allow":["GET"]}}],"collection":[{"href":"https:\/\/hurleprods.com\/gl\/wp-json\/wp\/v2\/pages"}],"about":[{"href":"https:\/\/hurleprods.com\/gl\/wp-json\/wp\/v2\/types\/page"}],"author":[{"embeddable":true,"href":"https:\/\/hurleprods.com\/gl\/wp-json\/wp\/v2\/users\/1"}],"replies":[{"embeddable":true,"href":"https:\/\/hurleprods.com\/gl\/wp-json\/wp\/v2\/comments?post=353"}],"version-history":[{"count":7,"href":"https:\/\/hurleprods.com\/gl\/wp-json\/wp\/v2\/pages\/353\/revisions"}],"predecessor-version":[{"id":8499,"href":"https:\/\/hurleprods.com\/gl\/wp-json\/wp\/v2\/pages\/353\/revisions\/8499"}],"wp:attachment":[{"href":"https:\/\/hurleprods.com\/gl\/wp-json\/wp\/v2\/media?parent=353"}],"curies":[{"name":"wp","href":"https:\/\/api.w.org\/{rel}","templated":true}]}}